{"id":8,"date":"2020-10-12T21:06:44","date_gmt":"2020-10-12T19:06:44","guid":{"rendered":"http:\/\/ensembles.cc\/?page_id=8"},"modified":"2021-02-18T22:51:25","modified_gmt":"2021-02-18T21:51:25","slug":"accueil","status":"publish","type":"page","link":"https:\/\/ensembles.cc\/","title":{"rendered":"ENSEMBLE[S]"},"content":{"rendered":"\r\n<p>\u00c9v\u00e9nementiel festif et culturel.<\/p>\r\n<p><span class=\"d2edcug0 hpfvmrgz qv66sw1b c1et5uql rrkovp55 a8c37x1j keod5gw0 nxhoafnm aigsh9s9 d3f4x2em fe6kdd0r mau55g9w c8b282yb iv3no6db jq4qci2q a3bd9o3v knj5qynh oo9gr5id hzawbc8m\" dir=\"auto\"><span class=\"d2edcug0 hpfvmrgz qv66sw1b c1et5uql rrkovp55 jq4qci2q a3bd9o3v knj5qynh oo9gr5id hzawbc8m\">Ensemble[S] est un collectif lyonnais ayant pour but de partager la f\u00eate et la culture au sens large. Notre envie ; une culture accessible au plus grand nombre \u00e0 travers une grande diversit\u00e9 d\u2019\u00e9v\u00e9nements et de contenus web.<br \/><\/span><\/span><\/p>\r\n<div dir=\"auto\">La culture et la f\u00eate sont des vecteurs primordiaux dans notre soci\u00e9t\u00e9 pour diffuser les valeurs de vivre ensemble, d\u2019humanit\u00e9, de solidarit\u00e9, de respect et d\u2019ouverture d\u2019esprit. Ce collectif est compos\u00e9 d\u2019artistes mais aussi de passionn\u00e9s de tous horizons, chacun avec son exp\u00e9rience culturelle, sociale ou militante. Ensemble[S], cr\u00e9ons ce collectif qui souhaite donner de l\u2019humanit\u00e9 dans cette soci\u00e9t\u00e9 individuelle.<\/div>\r\n<div dir=\"auto\">Les artistes r\u00e9sidents : Memza, Roux, Nical, Carpet, KDO, Teuj, Kazanova<\/div>\r\n<p><span class=\"d2edcug0 hpfvmrgz qv66sw1b c1et5uql rrkovp55 a8c37x1j keod5gw0 nxhoafnm aigsh9s9 d3f4x2em fe6kdd0r mau55g9w c8b282yb iv3no6db jq4qci2q a3bd9o3v knj5qynh oo9gr5id hzawbc8m\" dir=\"auto\"><span class=\"d2edcug0 hpfvmrgz qv66sw1b c1et5uql rrkovp55 jq4qci2q a3bd9o3v knj5qynh oo9gr5id hzawbc8m\">\u00a0<\/span><\/span><\/p>\r\n","protected":false},"excerpt":{"rendered":"<p>\u00c9v\u00e9nementiel festif et culturel. Ensemble[S] est un collectif lyonnais ayant pour but de partager la f\u00eate et la culture au sens large. Notre envie ; une culture accessible au plus grand nombre \u00e0 travers une grande diversit\u00e9 d\u2019\u00e9v\u00e9nements et de contenus web. La culture et la f\u00eate sont des vecteurs primordiaux dans notre soci\u00e9t\u00e9 pour &hellip; <\/p>\n<p class=\"link-more\"><a href=\"https:\/\/ensembles.cc\/\" class=\"more-link\">Continuer la lecture<span class=\"screen-reader-text\"> de &laquo;&nbsp;ENSEMBLE[S]&nbsp;&raquo;<\/span><\/a><\/p>\n","protected":false},"author":1,"featured_media":115,"parent":0,"menu_order":0,"comment_status":"closed","ping_status":"closed","template":"","meta":{"footnotes":""},"class_list":["post-8","page","type-page","status-publish","has-post-thumbnail","hentry"],"_links":{"self":[{"href":"https:\/\/ensembles.cc\/index.php\/wp-json\/wp\/v2\/pages\/8","targetHints":{"allow":["GET"]}}],"collection":[{"href":"https:\/\/ensembles.cc\/index.php\/wp-json\/wp\/v2\/pages"}],"about":[{"href":"https:\/\/ensembles.cc\/index.php\/wp-json\/wp\/v2\/types\/page"}],"author":[{"embeddable":true,"href":"https:\/\/ensembles.cc\/index.php\/wp-json\/wp\/v2\/users\/1"}],"replies":[{"embeddable":true,"href":"https:\/\/ensembles.cc\/index.php\/wp-json\/wp\/v2\/comments?post=8"}],"version-history":[{"count":10,"href":"https:\/\/ensembles.cc\/index.php\/wp-json\/wp\/v2\/pages\/8\/revisions"}],"predecessor-version":[{"id":327,"href":"https:\/\/ensembles.cc\/index.php\/wp-json\/wp\/v2\/pages\/8\/revisions\/327"}],"wp:featuredmedia":[{"embeddable":true,"href":"https:\/\/ensembles.cc\/index.php\/wp-json\/wp\/v2\/media\/115"}],"wp:attachment":[{"href":"https:\/\/ensembles.cc\/index.php\/wp-json\/wp\/v2\/media?parent=8"}],"curies":[{"name":"wp","href":"https:\/\/api.w.org\/{rel}","templated":true}]}}