{"id":243,"date":"2021-02-17T22:21:51","date_gmt":"2021-02-17T21:21:51","guid":{"rendered":"http:\/\/ensembles.cc\/?page_id=243"},"modified":"2021-02-17T22:22:30","modified_gmt":"2021-02-17T21:22:30","slug":"la-terrasse-ecam-festival","status":"publish","type":"page","link":"https:\/\/ensembles.cc\/index.php\/la-terrasse-ecam-festival\/","title":{"rendered":"La Terrasse ECAM Festival"},"content":{"rendered":"<div class=\"bt_bb_fe_wrap\">\n<section id=\"bt_bb_section602d861c68381\" class=\"bt_bb_section bt_bb_layout_boxed_1200\">\n<div class=\"bt_bb_port\">\n<div class=\"bt_bb_cell\">\n<div class=\"bt_bb_cell_inner\">\n<div class=\"bt_bb_row_wrapper\">\n<div class=\"bt_bb_row\" data-structure=\"12\">\n<div class=\"bt_bb_column col-xl-12 bt_bb_align_left bt_bb_vertical_align_top bt_bb_padding_normal\" data-width=\"12\" data-bt-override-class=\"{}\">\n<div class=\"bt_bb_column_content\">\n<div class=\"bt_bb_column_content_inner\">\n<div class=\"bt_bb_tabs bt_bb_style_outline bt_bb_shape_square\">\n<p>&nbsp;<\/p>\n<div class=\"bt_bb_tabs_tabs\">\n<div class=\"bt_bb_tab_item has_bt_bb_image\">\n<div class=\"bt_bb_tab_content\">\n<div class=\"bt_bb_row_inner\" data-structure=\"4-8\">\n<div class=\"bt_bb_column_inner col-xl-4 bt_bb_align_left bt_bb_vertical_align_top\" data-width=\"4\" data-bt-override-class=\"{}\">\n<div class=\"bt_bb_column_inner_content\">\n<div class=\"bt_bb_image bt_bb_shape_square bt_bb_align_inherit bt_bb_hover_style_simple bt_bb_content_display_always bt_bb_content_align_middle\" data-bt-override-class=\"{}\"><img loading=\"lazy\" decoding=\"async\" class=\"attachment-medium size-medium aligncenter\" title=\"Photo de profil -La Terrasse IV\" src=\"http:\/\/ensembles.cc\/wp-content\/uploads\/2021\/01\/Photo-de-profil-La-Terrasse-IV-300x300.jpg\" sizes=\"auto, 100vw\" srcset=\"http:\/\/ensembles.cc\/wp-content\/uploads\/2021\/01\/Photo-de-profil-La-Terrasse-IV-300x300.jpg 300w, http:\/\/ensembles.cc\/wp-content\/uploads\/2021\/01\/Photo-de-profil-La-Terrasse-IV-1024x1024.jpg 1024w, http:\/\/ensembles.cc\/wp-content\/uploads\/2021\/01\/Photo-de-profil-La-Terrasse-IV-150x150.jpg 150w, http:\/\/ensembles.cc\/wp-content\/uploads\/2021\/01\/Photo-de-profil-La-Terrasse-IV-768x768.jpg 768w, http:\/\/ensembles.cc\/wp-content\/uploads\/2021\/01\/Photo-de-profil-La-Terrasse-IV-1536x1536.jpg 1536w, http:\/\/ensembles.cc\/wp-content\/uploads\/2021\/01\/Photo-de-profil-La-Terrasse-IV-2048x2048.jpg 2048w, http:\/\/ensembles.cc\/wp-content\/uploads\/2021\/01\/Photo-de-profil-La-Terrasse-IV-100x100.jpg 100w\" alt=\"http:\/\/ensembles.cc\/wp-content\/uploads\/2021\/01\/Photo-de-profil-La-Terrasse-IV-300x300.jpg\" width=\"300\" height=\"300\" data-full_image_src=\"http:\/\/ensembles.cc\/wp-content\/uploads\/2021\/01\/Photo-de-profil-La-Terrasse-IV.jpg\" \/><\/div>\n<div class=\"bt_bb_separator bt_bb_border_style_none\"><\/div>\n<div class=\"bt_bb_icon bt_bb_color_scheme_2 bt_bb_style_filled bt_bb_size_small bt_bb_shape_circle bt_bb_align_inherit\" style=\"text-align: center;\" data-bt-override-class=\"{}\"><a class=\"bt_bb_icon_holder\" title=\"Facebook\" href=\"https:\/\/www.facebook.com\/LaTerrasseECAMFestival\" target=\"_self\" rel=\"noopener noreferrer\" data-ico-fa=\"\uf082\">Facebook<\/a><\/div>\n<div class=\"bt_bb_separator bt_bb_border_style_none\"><\/div>\n<\/div>\n<\/div>\n<div class=\"bt_bb_column_inner col-xl-8 bt_bb_align_left bt_bb_vertical_align_top\" data-width=\"8\" data-bt-override-class=\"{}\">\n<div class=\"bt_bb_column_inner_content\" style=\"text-align: justify;\">\n<p><strong>Depuis maintenant 5 ans<\/strong>, nous organisons au mois de juin le festival<strong> La<\/strong> <strong>Terrasse ECAM Festival<\/strong> dans son cadre hors norme en plein <strong>centre de Lyon.<\/strong><\/p>\n<\/div>\n<div><\/div>\n<div class=\"bt_bb_column_inner_content\" style=\"text-align: justify;\">\n<p>Ce <strong>terrain priv\u00e9<\/strong> situ\u00e9 entre la <strong>basilique de Fourvi\u00e8re<\/strong> et la tour m\u00e9tallique ouvre exceptionnellement ses portes pour <strong>800 festivaliers<\/strong> chaque jour. De <strong>12h \u00e0 22h<\/strong>, ils profitent des <strong>concerts<\/strong> et des <strong>diff\u00e9rentes activit\u00e9s<\/strong> tout en admirant la<strong> vue panoramique<\/strong> surplombant <strong>Lyon.<\/strong><\/p>\n<p>En se baladant dans ce<strong> jardin secret<\/strong> am\u00e9nag\u00e9 sur <strong>3 niveaux<\/strong>, les festivaliers pourront profiter de la <strong>musique<\/strong> mais aussi des zones de <strong>d\u00e9tente<\/strong>, des <strong>animations<\/strong>, des <strong>expositions,<\/strong> et d\u2019une <strong>sc\u00e8ne<\/strong> plus<strong> secr\u00e8te<\/strong> et <strong>immersive<\/strong>\u2026<\/p>\n<p>D\u2019<strong>ann\u00e9e en ann\u00e9e<\/strong> nous avons d\u00e9velopp\u00e9 notre <strong>plateau artistique<\/strong> autour d\u2019<strong>artistes internationaux<\/strong> et<strong> locaux<\/strong> aux univers <strong>chaleureux<\/strong> et <strong>\u00e9clectiques<\/strong>. <strong>Funk<\/strong>, <strong>disco<\/strong>, <strong>house<\/strong> et<strong> musique du monde<\/strong> sont mis \u00e0 l\u2019<strong>honneur<\/strong>.<\/p>\n<p>A partir de la deuxi\u00e8me \u00e9dition, nous avons d\u00e9cid\u00e9 de poursuivre la <strong>f\u00eate le samedi soir<\/strong> pour les festivaliers toujours en <strong>soif d\u2019\u00e9vasion<\/strong>.<\/p>\n<p>Nous proposons donc <strong>une nuit de 23h \u00e0 6h<\/strong> dans un club de la ville.<\/p>\n<p><strong>Artistes ayant particip\u00e9 pendant les pr\u00e9c\u00e9dentes \u00e9ditions :<\/strong><\/p>\n<p><strong>Musique :<\/strong> <em>Optimo (Espacio), Nick H\u00f6ppner, San Soda, Matrixxman, Orpheu The Wizzard, Pablo Valentino, Mendel, M\u00e9zigue, Mad Rey, Lb aka Labat, S3A, Mr Raoul K ,\u00a0 Hugo LX, Good Block, Th\u00e9o Muller,\u00a0 Kamma, Masalo, Sentiments, Pascal Viscardi, Akirahawks, Mush, G\u2019bo\u00ef et Jean Mi, Wigo, C\u00e9sar &amp; Jason, , Heimyl, Memza, Orbes, ARTH, Carpet, Izipho Zam, Baka &amp; Yoko, collectif des Pasith\u00e9e<\/em><\/p>\n<p><strong>Exposition photo :<\/strong> <em>Diane Moyssan<\/em><\/p>\n<p><strong>Street Art :<\/strong> <em>Wenc<\/em>, <em>Mr Sphinx<\/em>, <em><em>Koey.<\/em><\/em><\/p>\n<p>&nbsp;<\/p>\n<p>&nbsp;<\/p>\n<\/div>\n<\/div>\n<\/div>\n<\/div>\n<\/div>\n<\/div>\n<\/div>\n<\/div>\n<\/div>\n<\/div>\n<\/div>\n<\/div>\n<\/div>\n<\/div>\n<\/div>\n<\/section>\n<\/div>\n<div id=\"gallery-1\" class=\"gallery galleryid-141 gallery-columns-3 gallery-size-thumbnail\">\n<figure class=\"gallery-item\">\n<div class=\"gallery-icon landscape\"><a href=\"http:\/\/ensembles.cc\/index.php\/projets\/dsc02071\/\"><img loading=\"lazy\" decoding=\"async\" class=\"attachment-thumbnail size-thumbnail aligncenter\" src=\"http:\/\/ensembles.cc\/wp-content\/uploads\/2021\/01\/DSC02071-150x150.jpg\" sizes=\"auto, 100vw\" srcset=\"http:\/\/ensembles.cc\/wp-content\/uploads\/2021\/01\/DSC02071-150x150.jpg 150w, http:\/\/ensembles.cc\/wp-content\/uploads\/2021\/01\/DSC02071-100x100.jpg 100w\" alt=\"\" width=\"150\" height=\"150\" \/><\/a><\/div>\n<\/figure>\n<figure class=\"gallery-item\">\n<div class=\"gallery-icon landscape\"><a href=\"http:\/\/ensembles.cc\/index.php\/projets\/dsc02109\/\"><img loading=\"lazy\" decoding=\"async\" class=\"attachment-thumbnail size-thumbnail aligncenter\" src=\"http:\/\/ensembles.cc\/wp-content\/uploads\/2021\/01\/DSC02109-150x150.jpg\" sizes=\"auto, 100vw\" srcset=\"http:\/\/ensembles.cc\/wp-content\/uploads\/2021\/01\/DSC02109-150x150.jpg 150w, http:\/\/ensembles.cc\/wp-content\/uploads\/2021\/01\/DSC02109-100x100.jpg 100w\" alt=\"\" width=\"150\" height=\"150\" \/><\/a><\/div>\n<\/figure>\n<figure class=\"gallery-item\">\n<div class=\"gallery-icon landscape\"><a href=\"http:\/\/ensembles.cc\/index.php\/projets\/dsc02178\/\"><img loading=\"lazy\" decoding=\"async\" class=\"attachment-thumbnail size-thumbnail\" src=\"http:\/\/ensembles.cc\/wp-content\/uploads\/2021\/01\/DSC02178-150x150.jpg\" sizes=\"auto, 100vw\" srcset=\"http:\/\/ensembles.cc\/wp-content\/uploads\/2021\/01\/DSC02178-150x150.jpg 150w, http:\/\/ensembles.cc\/wp-content\/uploads\/2021\/01\/DSC02178-100x100.jpg 100w\" alt=\"\" width=\"150\" height=\"150\" \/><\/a><\/div>\n<\/figure>\n<figure class=\"gallery-item\">\n<div class=\"gallery-icon landscape\"><a href=\"http:\/\/ensembles.cc\/index.php\/projets\/dsc02385\/\"><img loading=\"lazy\" decoding=\"async\" class=\"attachment-thumbnail size-thumbnail\" src=\"http:\/\/ensembles.cc\/wp-content\/uploads\/2021\/01\/DSC02385-150x150.jpg\" sizes=\"auto, 100vw\" srcset=\"http:\/\/ensembles.cc\/wp-content\/uploads\/2021\/01\/DSC02385-150x150.jpg 150w, http:\/\/ensembles.cc\/wp-content\/uploads\/2021\/01\/DSC02385-100x100.jpg 100w\" alt=\"\" width=\"150\" height=\"150\" \/><\/a><\/div>\n<\/figure>\n<figure class=\"gallery-item\">\n<div class=\"gallery-icon landscape\"><a href=\"http:\/\/ensembles.cc\/index.php\/projets\/dsc02528\/\"><img loading=\"lazy\" decoding=\"async\" class=\"attachment-thumbnail size-thumbnail\" src=\"http:\/\/ensembles.cc\/wp-content\/uploads\/2021\/01\/DSC02528-150x150.jpg\" sizes=\"auto, 100vw\" srcset=\"http:\/\/ensembles.cc\/wp-content\/uploads\/2021\/01\/DSC02528-150x150.jpg 150w, http:\/\/ensembles.cc\/wp-content\/uploads\/2021\/01\/DSC02528-100x100.jpg 100w\" alt=\"\" width=\"150\" height=\"150\" \/><\/a><\/div>\n<\/figure>\n<figure class=\"gallery-item\">\n<div class=\"gallery-icon landscape\"><a href=\"http:\/\/ensembles.cc\/index.php\/projets\/img_0177\/\"><img loading=\"lazy\" decoding=\"async\" class=\"attachment-thumbnail size-thumbnail\" src=\"http:\/\/ensembles.cc\/wp-content\/uploads\/2021\/01\/IMG_0177-150x150.jpg\" sizes=\"auto, 100vw\" srcset=\"http:\/\/ensembles.cc\/wp-content\/uploads\/2021\/01\/IMG_0177-150x150.jpg 150w, http:\/\/ensembles.cc\/wp-content\/uploads\/2021\/01\/IMG_0177-100x100.jpg 100w\" alt=\"\" width=\"150\" height=\"150\" \/><\/a><\/div>\n<\/figure>\n<figure class=\"gallery-item\">\n<div class=\"gallery-icon landscape\"><a href=\"http:\/\/ensembles.cc\/index.php\/projets\/img_0180\/\"><img loading=\"lazy\" decoding=\"async\" class=\"attachment-thumbnail size-thumbnail\" src=\"http:\/\/ensembles.cc\/wp-content\/uploads\/2021\/01\/IMG_0180-150x150.jpg\" sizes=\"auto, 100vw\" srcset=\"http:\/\/ensembles.cc\/wp-content\/uploads\/2021\/01\/IMG_0180-150x150.jpg 150w, http:\/\/ensembles.cc\/wp-content\/uploads\/2021\/01\/IMG_0180-100x100.jpg 100w\" alt=\"\" width=\"150\" height=\"150\" \/><\/a><\/div>\n<\/figure>\n<figure class=\"gallery-item\">\n<div class=\"gallery-icon landscape\"><a href=\"http:\/\/ensembles.cc\/index.php\/projets\/img_0231\/\"><img loading=\"lazy\" decoding=\"async\" class=\"attachment-thumbnail size-thumbnail\" src=\"http:\/\/ensembles.cc\/wp-content\/uploads\/2021\/01\/IMG_0231-150x150.jpg\" sizes=\"auto, 100vw\" srcset=\"http:\/\/ensembles.cc\/wp-content\/uploads\/2021\/01\/IMG_0231-150x150.jpg 150w, http:\/\/ensembles.cc\/wp-content\/uploads\/2021\/01\/IMG_0231-100x100.jpg 100w\" alt=\"\" width=\"150\" height=\"150\" \/><\/a><\/div>\n<\/figure>\n<figure class=\"gallery-item\">\n<div class=\"gallery-icon portrait\"><a href=\"http:\/\/ensembles.cc\/index.php\/projets\/img_4192\/\"><img loading=\"lazy\" decoding=\"async\" class=\"attachment-thumbnail size-thumbnail\" src=\"http:\/\/ensembles.cc\/wp-content\/uploads\/2021\/01\/IMG_4192-150x150.jpg\" sizes=\"auto, 100vw\" srcset=\"http:\/\/ensembles.cc\/wp-content\/uploads\/2021\/01\/IMG_4192-150x150.jpg 150w, http:\/\/ensembles.cc\/wp-content\/uploads\/2021\/01\/IMG_4192-100x100.jpg 100w\" alt=\"\" width=\"150\" height=\"150\" \/><\/a><\/div>\n<\/figure>\n<figure class=\"gallery-item\">\n<div class=\"gallery-icon landscape\"><a href=\"http:\/\/ensembles.cc\/index.php\/projets\/img_4300-2\/\"><img loading=\"lazy\" decoding=\"async\" class=\"attachment-thumbnail size-thumbnail\" src=\"http:\/\/ensembles.cc\/wp-content\/uploads\/2021\/01\/IMG_4300-2-150x150.jpg\" sizes=\"auto, 100vw\" srcset=\"http:\/\/ensembles.cc\/wp-content\/uploads\/2021\/01\/IMG_4300-2-150x150.jpg 150w, http:\/\/ensembles.cc\/wp-content\/uploads\/2021\/01\/IMG_4300-2-100x100.jpg 100w\" alt=\"\" width=\"150\" height=\"150\" \/><\/a><\/div>\n<\/figure>\n<figure class=\"gallery-item\">\n<div class=\"gallery-icon landscape\"><a href=\"http:\/\/ensembles.cc\/index.php\/projets\/img_4354\/\"><img loading=\"lazy\" decoding=\"async\" class=\"attachment-thumbnail size-thumbnail\" src=\"http:\/\/ensembles.cc\/wp-content\/uploads\/2021\/01\/IMG_4354-150x150.jpg\" sizes=\"auto, 100vw\" srcset=\"http:\/\/ensembles.cc\/wp-content\/uploads\/2021\/01\/IMG_4354-150x150.jpg 150w, http:\/\/ensembles.cc\/wp-content\/uploads\/2021\/01\/IMG_4354-100x100.jpg 100w\" alt=\"\" width=\"150\" height=\"150\" \/><\/a><\/div>\n<\/figure>\n<figure class=\"gallery-item\">\n<div class=\"gallery-icon landscape\"><a href=\"http:\/\/ensembles.cc\/index.php\/projets\/img_6099\/\"><img loading=\"lazy\" decoding=\"async\" class=\"attachment-thumbnail size-thumbnail\" src=\"http:\/\/ensembles.cc\/wp-content\/uploads\/2021\/01\/IMG_6099-150x150.jpg\" sizes=\"auto, 100vw\" srcset=\"http:\/\/ensembles.cc\/wp-content\/uploads\/2021\/01\/IMG_6099-150x150.jpg 150w, http:\/\/ensembles.cc\/wp-content\/uploads\/2021\/01\/IMG_6099-100x100.jpg 100w\" alt=\"\" width=\"150\" height=\"150\" \/><\/a><\/div>\n<\/figure>\n<figure class=\"gallery-item\">\n<div class=\"gallery-icon landscape\"><a href=\"http:\/\/ensembles.cc\/index.php\/projets\/img_6298\/\"><img loading=\"lazy\" decoding=\"async\" class=\"attachment-thumbnail size-thumbnail\" src=\"http:\/\/ensembles.cc\/wp-content\/uploads\/2021\/01\/IMG_6298-150x150.jpg\" sizes=\"auto, 100vw\" srcset=\"http:\/\/ensembles.cc\/wp-content\/uploads\/2021\/01\/IMG_6298-150x150.jpg 150w, http:\/\/ensembles.cc\/wp-content\/uploads\/2021\/01\/IMG_6298-100x100.jpg 100w\" alt=\"\" width=\"150\" height=\"150\" \/><\/a><\/div>\n<\/figure>\n<figure class=\"gallery-item\">\n<div class=\"gallery-icon landscape\"><a href=\"http:\/\/ensembles.cc\/index.php\/projets\/imgp3975\/\"><img loading=\"lazy\" decoding=\"async\" class=\"attachment-thumbnail size-thumbnail\" src=\"http:\/\/ensembles.cc\/wp-content\/uploads\/2021\/01\/IMGP3975-150x150.jpg\" sizes=\"auto, 100vw\" srcset=\"http:\/\/ensembles.cc\/wp-content\/uploads\/2021\/01\/IMGP3975-150x150.jpg 150w, http:\/\/ensembles.cc\/wp-content\/uploads\/2021\/01\/IMGP3975-100x100.jpg 100w\" alt=\"\" width=\"150\" height=\"150\" \/><\/a><\/div>\n<\/figure>\n<figure class=\"gallery-item\">\n<div class=\"gallery-icon landscape\"><a href=\"http:\/\/ensembles.cc\/index.php\/projets\/imgp3995\/\"><img loading=\"lazy\" decoding=\"async\" class=\"attachment-thumbnail size-thumbnail\" src=\"http:\/\/ensembles.cc\/wp-content\/uploads\/2021\/01\/IMGP3995-150x150.jpg\" sizes=\"auto, 100vw\" srcset=\"http:\/\/ensembles.cc\/wp-content\/uploads\/2021\/01\/IMGP3995-150x150.jpg 150w, http:\/\/ensembles.cc\/wp-content\/uploads\/2021\/01\/IMGP3995-100x100.jpg 100w\" alt=\"\" width=\"150\" height=\"150\" \/><\/a><\/div>\n<\/figure>\n<figure class=\"gallery-item\">\n<div class=\"gallery-icon landscape\"><a href=\"http:\/\/ensembles.cc\/index.php\/projets\/jkjh\/\"><img loading=\"lazy\" decoding=\"async\" class=\"attachment-thumbnail size-thumbnail\" src=\"http:\/\/ensembles.cc\/wp-content\/uploads\/2021\/01\/jkjh-150x150.jpg\" sizes=\"auto, 100vw\" srcset=\"http:\/\/ensembles.cc\/wp-content\/uploads\/2021\/01\/jkjh-150x150.jpg 150w, http:\/\/ensembles.cc\/wp-content\/uploads\/2021\/01\/jkjh-100x100.jpg 100w\" alt=\"\" width=\"150\" height=\"150\" \/><\/a><\/div>\n<\/figure>\n<figure class=\"gallery-item\">\n<div class=\"gallery-icon landscape\"><a href=\"http:\/\/ensembles.cc\/index.php\/projets\/ll\/\"><img loading=\"lazy\" decoding=\"async\" class=\"attachment-thumbnail size-thumbnail\" src=\"http:\/\/ensembles.cc\/wp-content\/uploads\/2021\/01\/ll-150x150.jpg\" sizes=\"auto, 100vw\" srcset=\"http:\/\/ensembles.cc\/wp-content\/uploads\/2021\/01\/ll-150x150.jpg 150w, http:\/\/ensembles.cc\/wp-content\/uploads\/2021\/01\/ll-100x100.jpg 100w\" alt=\"\" width=\"150\" height=\"150\" \/><\/a><\/div>\n<\/figure>\n<figure class=\"gallery-item\">\n<div class=\"gallery-icon landscape\"><a href=\"http:\/\/ensembles.cc\/index.php\/projets\/lk\/\"><img loading=\"lazy\" decoding=\"async\" class=\"attachment-thumbnail size-thumbnail\" src=\"http:\/\/ensembles.cc\/wp-content\/uploads\/2021\/01\/lk-150x150.jpg\" sizes=\"auto, 100vw\" srcset=\"http:\/\/ensembles.cc\/wp-content\/uploads\/2021\/01\/lk-150x150.jpg 150w, http:\/\/ensembles.cc\/wp-content\/uploads\/2021\/01\/lk-100x100.jpg 100w\" alt=\"\" width=\"150\" height=\"150\" \/><\/a><\/div>\n<\/figure>\n<figure class=\"gallery-item\">\n<div class=\"gallery-icon landscape\"><a href=\"http:\/\/ensembles.cc\/index.php\/projets\/terrasse2-40\/\"><img loading=\"lazy\" decoding=\"async\" class=\"attachment-thumbnail size-thumbnail\" src=\"http:\/\/ensembles.cc\/wp-content\/uploads\/2021\/01\/Terrasse2-40-150x150.jpg\" sizes=\"auto, 100vw\" srcset=\"http:\/\/ensembles.cc\/wp-content\/uploads\/2021\/01\/Terrasse2-40-150x150.jpg 150w, http:\/\/ensembles.cc\/wp-content\/uploads\/2021\/01\/Terrasse2-40-100x100.jpg 100w\" alt=\"\" width=\"150\" height=\"150\" \/><\/a><\/div>\n<\/figure>\n<figure class=\"gallery-item\">\n<div class=\"gallery-icon landscape\"><a href=\"http:\/\/ensembles.cc\/index.php\/projets\/img_0148\/\"><img loading=\"lazy\" decoding=\"async\" class=\"attachment-thumbnail size-thumbnail\" src=\"http:\/\/ensembles.cc\/wp-content\/uploads\/2021\/01\/IMG_0148-150x150.jpg\" sizes=\"auto, 100vw\" srcset=\"http:\/\/ensembles.cc\/wp-content\/uploads\/2021\/01\/IMG_0148-150x150.jpg 150w, http:\/\/ensembles.cc\/wp-content\/uploads\/2021\/01\/IMG_0148-100x100.jpg 100w\" alt=\"\" width=\"150\" height=\"150\" \/><\/a><\/div>\n<\/figure>\n<figure class=\"gallery-item\">\n<div class=\"gallery-icon landscape\"><a href=\"http:\/\/ensembles.cc\/index.php\/projets\/dsc02850\/\"><img loading=\"lazy\" decoding=\"async\" class=\"attachment-thumbnail size-thumbnail\" src=\"http:\/\/ensembles.cc\/wp-content\/uploads\/2021\/01\/DSC02850-150x150.jpg\" sizes=\"auto, 100vw\" srcset=\"http:\/\/ensembles.cc\/wp-content\/uploads\/2021\/01\/DSC02850-150x150.jpg 150w, http:\/\/ensembles.cc\/wp-content\/uploads\/2021\/01\/DSC02850-100x100.jpg 100w\" alt=\"\" width=\"150\" height=\"150\" \/><\/a><\/div>\n<\/figure>\n<\/div>\n","protected":false},"excerpt":{"rendered":"<p>&nbsp; Facebook Depuis maintenant 5 ans, nous organisons au mois de juin le festival La Terrasse ECAM Festival dans son cadre hors norme en plein centre de Lyon. Ce terrain priv\u00e9 situ\u00e9 entre la basilique de Fourvi\u00e8re et la tour m\u00e9tallique ouvre exceptionnellement ses portes pour 800 festivaliers chaque jour. De 12h \u00e0 22h, ils &hellip; <\/p>\n<p class=\"link-more\"><a href=\"https:\/\/ensembles.cc\/index.php\/la-terrasse-ecam-festival\/\" class=\"more-link\">Continuer la lecture<span class=\"screen-reader-text\"> de &laquo;&nbsp;La Terrasse ECAM Festival&nbsp;&raquo;<\/span><\/a><\/p>\n","protected":false},"author":1,"featured_media":0,"parent":0,"menu_order":0,"comment_status":"closed","ping_status":"closed","template":"","meta":{"footnotes":""},"class_list":["post-243","page","type-page","status-publish","hentry"],"_links":{"self":[{"href":"https:\/\/ensembles.cc\/index.php\/wp-json\/wp\/v2\/pages\/243","targetHints":{"allow":["GET"]}}],"collection":[{"href":"https:\/\/ensembles.cc\/index.php\/wp-json\/wp\/v2\/pages"}],"about":[{"href":"https:\/\/ensembles.cc\/index.php\/wp-json\/wp\/v2\/types\/page"}],"author":[{"embeddable":true,"href":"https:\/\/ensembles.cc\/index.php\/wp-json\/wp\/v2\/users\/1"}],"replies":[{"embeddable":true,"href":"https:\/\/ensembles.cc\/index.php\/wp-json\/wp\/v2\/comments?post=243"}],"version-history":[{"count":2,"href":"https:\/\/ensembles.cc\/index.php\/wp-json\/wp\/v2\/pages\/243\/revisions"}],"predecessor-version":[{"id":246,"href":"https:\/\/ensembles.cc\/index.php\/wp-json\/wp\/v2\/pages\/243\/revisions\/246"}],"wp:attachment":[{"href":"https:\/\/ensembles.cc\/index.php\/wp-json\/wp\/v2\/media?parent=243"}],"curies":[{"name":"wp","href":"https:\/\/api.w.org\/{rel}","templated":true}]}}