{"id":234,"date":"2021-02-17T21:09:21","date_gmt":"2021-02-17T20:09:21","guid":{"rendered":"http:\/\/ensembles.cc\/?page_id=234"},"modified":"2021-02-17T21:11:04","modified_gmt":"2021-02-17T20:11:04","slug":"artistes","status":"publish","type":"page","link":"https:\/\/ensembles.cc\/index.php\/artistes\/","title":{"rendered":"Artistes"},"content":{"rendered":"<header class=\"entry-header\">\n<h2 class=\"entry-title\">ENSEMBLE[S]<\/h2>\n<\/header>\n<div class=\"entry-content\">\n<div class=\"bt_bb_wrapper\">\n<p>\u00c9v\u00e9nementiel festif et culturel.<\/p>\n<p><span class=\"d2edcug0 hpfvmrgz qv66sw1b c1et5uql rrkovp55 a8c37x1j keod5gw0 nxhoafnm aigsh9s9 d3f4x2em fe6kdd0r mau55g9w c8b282yb iv3no6db jq4qci2q a3bd9o3v knj5qynh oo9gr5id hzawbc8m\" dir=\"auto\"><span class=\"d2edcug0 hpfvmrgz qv66sw1b c1et5uql rrkovp55 jq4qci2q a3bd9o3v knj5qynh oo9gr5id hzawbc8m\">Ensemble[S] est un collectif lyonnais ayant pour but de partager la f\u00eate et la culture au sens large. Notre envie : une culture accessible au plus grand nombre \u00e0 travers une grande diversit\u00e9 d\u2019\u00e9v\u00e9nements et de contenus web.<\/span><\/span><\/p>\n<\/div>\n<\/div>\n","protected":false},"excerpt":{"rendered":"<p>ENSEMBLE[S] \u00c9v\u00e9nementiel festif et culturel. Ensemble[S] est un collectif lyonnais ayant pour but de partager la f\u00eate et la culture au sens large. Notre envie : une culture accessible au plus grand nombre \u00e0 travers une grande diversit\u00e9 d\u2019\u00e9v\u00e9nements et de contenus web.<\/p>\n","protected":false},"author":1,"featured_media":0,"parent":0,"menu_order":0,"comment_status":"closed","ping_status":"closed","template":"","meta":{"footnotes":""},"class_list":["post-234","page","type-page","status-publish","hentry"],"_links":{"self":[{"href":"https:\/\/ensembles.cc\/index.php\/wp-json\/wp\/v2\/pages\/234","targetHints":{"allow":["GET"]}}],"collection":[{"href":"https:\/\/ensembles.cc\/index.php\/wp-json\/wp\/v2\/pages"}],"about":[{"href":"https:\/\/ensembles.cc\/index.php\/wp-json\/wp\/v2\/types\/page"}],"author":[{"embeddable":true,"href":"https:\/\/ensembles.cc\/index.php\/wp-json\/wp\/v2\/users\/1"}],"replies":[{"embeddable":true,"href":"https:\/\/ensembles.cc\/index.php\/wp-json\/wp\/v2\/comments?post=234"}],"version-history":[{"count":2,"href":"https:\/\/ensembles.cc\/index.php\/wp-json\/wp\/v2\/pages\/234\/revisions"}],"predecessor-version":[{"id":237,"href":"https:\/\/ensembles.cc\/index.php\/wp-json\/wp\/v2\/pages\/234\/revisions\/237"}],"wp:attachment":[{"href":"https:\/\/ensembles.cc\/index.php\/wp-json\/wp\/v2\/media?parent=234"}],"curies":[{"name":"wp","href":"https:\/\/api.w.org\/{rel}","templated":true}]}}