{"id":225,"date":"2021-02-17T21:01:11","date_gmt":"2021-02-17T20:01:11","guid":{"rendered":"http:\/\/ensembles.cc\/?page_id=225"},"modified":"2021-02-18T00:43:03","modified_gmt":"2021-02-17T23:43:03","slug":"nical","status":"publish","type":"page","link":"https:\/\/ensembles.cc\/index.php\/nical\/","title":{"rendered":"NICAL"},"content":{"rendered":"<div class=\"bt_bb_column_inner col-xl-4 bt_bb_align_left bt_bb_vertical_align_top\" data-width=\"4\" data-bt-override-class=\"{}\">\n<div class=\"bt_bb_column_inner_content\">\n<div class=\"bt_bb_image bt_bb_shape_square bt_bb_align_inherit bt_bb_hover_style_simple bt_bb_content_display_always bt_bb_content_align_middle\" data-bt-override-class=\"{}\">\n<p><img loading=\"lazy\" decoding=\"async\" class=\"wp-image-283 aligncenter\" src=\"http:\/\/ensembles.cc\/wp-content\/uploads\/2021\/02\/PORTRAIT-NICAL.jpg\" alt=\"\" width=\"386\" height=\"548\" \/><\/p>\n<\/div>\n<div class=\"bt_bb_separator bt_bb_border_style_none\"><\/div>\n<div class=\"bt_bb_icon bt_bb_color_scheme_2 bt_bb_style_filled bt_bb_size_small bt_bb_shape_circle bt_bb_align_inherit\" style=\"text-align: center;\" data-bt-override-class=\"{}\"><a class=\"bt_bb_icon_holder\" title=\"Facebook\" href=\"https:\/\/www.facebook.com\/NicalDJ\" target=\"_self\" rel=\"noopener noreferrer\" data-ico-fa=\"\uf082\">Facebook &#8211; <\/a><a class=\"bt_bb_icon_holder\" title=\"Soundcloud\" href=\"https:\/\/soundcloud.com\/nicaldj?fbclid=IwAR2jh0sWGT5CdOx1jpS-4XuMnqg_C2pnbgJY4qifiEZ0xVoPN__BeIm2fd0\" target=\"_self\" rel=\"noopener noreferrer\" data-ico-fa=\"\uf1be\">Soundcloud<\/a><\/div>\n<\/div>\n<\/div>\n<div class=\"bt_bb_column_inner col-xl-8 bt_bb_align_left bt_bb_vertical_align_top\" data-width=\"8\" data-bt-override-class=\"{}\">\n<div class=\"bt_bb_column_inner_content\">\n<p>&nbsp;<\/p>\n<p style=\"text-align: justify;\">INFLUENCE\u0301 PAR DIVERS UNIVERS MUSICAUX, NICAL COMMENCE LA PRATIQUE DE LA MUSIQUE A\u0300 L\u2019A\u0302GE DE 14 ANS AVEC LA BATTERIE. VIENT ENSUITE LA GUITARE POUR SE LANCER DANS SON GROUPE DE ROCK ET AINSI FAIRE SES PREMIE\u0300RES SCE\u0300NES.<\/p>\n<p>TOMBANT AMOUREUX DES SOIRE\u0301ES DE MUSIQUES E\u0301LECTRONIQUES A\u0300 L\u2019ADOLESCENCE, IL COMMENCE A\u0300 DIGGER ET PREND GOUT AU MIX. LYONNAIS PAR ADOPTION, IL DEVIENT E\u0301TUDIANT DE LA NASHTON ACADEMY #5 DANS L\u2019OBJECTIF D\u2019AME\u0301LIORER SES COMPE\u0301TENCES EN MAO POUR SORTIR PROCHAINEMENT SON PROPRE EP.<\/p>\n<p>DE\u0301COUVRANT L\u2019ARRIE\u0300RE DU DE\u0301COR AVEC LA FAMILLE DE PERCHE\u0301POLIS QUI ORGANISE LE FESTIVAL CHA\u0302TEAU PERCHE\u0301, IL RENTRE AUJOURD\u2019HUI DANS L\u2019AVENTURE \u00ab ENSEMBLE[S] \u00bb POUR APPORTER SES COMPE\u0301TENCES TECHNIQUES ET SA MUSIQUE TECHNO, PARFOIS SOMBRE, BREAKE\u0301E ET TEINTE\u0301E D\u2019ACID.<\/p>\n<p>&nbsp;<\/p>\n<\/div>\n<p style=\"text-align: left;\"><strong>Portrait :<\/strong> <a href=\"https:\/\/www.instagram.com\/barbara.chabert\/\">Barbara Chabert\u00a0<\/a><\/p>\n<p style=\"text-align: center;\">\n<p><a href=\"http:\/\/iframe%20width=100%%20height=166%20scrolling=no%20frameborder=no%20allow=autoplay%20src=https:\/\/w.soundcloud.com\/player\/?url=https%3A\/\/api.soundcloud.com\/tracks\/852029596&amp;color=%23ff5500&amp;auto_play=false&amp;hide_related=false&amp;show_comments=true&amp;show_user=true&amp;show_reposts=false&amp;show_teaser=true\/iframediv%20style=font-size:%2010px;%20color:%20#cccccc;line-break:%20anywhere;word-break:%20normal;overflow:%20hidden;white-space:%20nowrap;text-overflow:%20ellipsis;%20font-family:%20Interstate,Lucida%20Grande,Lucida%20Sans%20Unicode,Lucida%20Sans,Garuda,Verdana,Tahoma,sans-serif;font-weight:%20100;a%20href=https:\/\/soundcloud.com\/nicaldj%20title=Nical%20target=_blank%20style=color:%20#cccccc;%20text-decoration:%20none;Nical\/a%20\u00b7%20a%20href=https:\/\/soundcloud.com\/nicaldj\/douceur-frenetique-ep6-emulation%20title=Douceur%20fr\u00e9n\u00e9tique%20EP6%20-%20\u00c9mulation%20target=_blank%20style=color:%20#cccccc;%20text-decoration:%20none;Douceur%20fr\u00e9n\u00e9tique%20EP6%20-%20\u00c9mulation\/a\/div\"><iframe loading=\"lazy\" src=\"https:\/\/w.soundcloud.com\/player\/?url=https%3A\/\/api.soundcloud.com\/tracks\/852029596&amp;color=%23ff5500&amp;auto_play=false&amp;hide_related=false&amp;show_comments=true&amp;show_user=true&amp;show_reposts=false&amp;show_teaser=true\" width=\"100%\" height=\"166\" frameborder=\"no\" scrolling=\"no\" data-mce-fragment=\"1\"><\/iframe><\/a><\/p>\n<\/div>\n","protected":false},"excerpt":{"rendered":"<p>Facebook &#8211; Soundcloud &nbsp; INFLUENCE\u0301 PAR DIVERS UNIVERS MUSICAUX, NICAL COMMENCE LA PRATIQUE DE LA MUSIQUE A\u0300 L\u2019A\u0302GE DE 14 ANS AVEC LA BATTERIE. VIENT ENSUITE LA GUITARE POUR SE LANCER DANS SON GROUPE DE ROCK ET AINSI FAIRE SES PREMIE\u0300RES SCE\u0300NES. TOMBANT AMOUREUX DES SOIRE\u0301ES DE MUSIQUES E\u0301LECTRONIQUES A\u0300 L\u2019ADOLESCENCE, IL COMMENCE A\u0300 DIGGER &hellip; <\/p>\n<p class=\"link-more\"><a href=\"https:\/\/ensembles.cc\/index.php\/nical\/\" class=\"more-link\">Continuer la lecture<span class=\"screen-reader-text\"> de &laquo;&nbsp;NICAL&nbsp;&raquo;<\/span><\/a><\/p>\n","protected":false},"author":1,"featured_media":0,"parent":0,"menu_order":0,"comment_status":"closed","ping_status":"closed","template":"","meta":{"footnotes":""},"class_list":["post-225","page","type-page","status-publish","hentry"],"_links":{"self":[{"href":"https:\/\/ensembles.cc\/index.php\/wp-json\/wp\/v2\/pages\/225","targetHints":{"allow":["GET"]}}],"collection":[{"href":"https:\/\/ensembles.cc\/index.php\/wp-json\/wp\/v2\/pages"}],"about":[{"href":"https:\/\/ensembles.cc\/index.php\/wp-json\/wp\/v2\/types\/page"}],"author":[{"embeddable":true,"href":"https:\/\/ensembles.cc\/index.php\/wp-json\/wp\/v2\/users\/1"}],"replies":[{"embeddable":true,"href":"https:\/\/ensembles.cc\/index.php\/wp-json\/wp\/v2\/comments?post=225"}],"version-history":[{"count":5,"href":"https:\/\/ensembles.cc\/index.php\/wp-json\/wp\/v2\/pages\/225\/revisions"}],"predecessor-version":[{"id":323,"href":"https:\/\/ensembles.cc\/index.php\/wp-json\/wp\/v2\/pages\/225\/revisions\/323"}],"wp:attachment":[{"href":"https:\/\/ensembles.cc\/index.php\/wp-json\/wp\/v2\/media?parent=225"}],"curies":[{"name":"wp","href":"https:\/\/api.w.org\/{rel}","templated":true}]}}