{"id":216,"date":"2021-02-17T20:55:03","date_gmt":"2021-02-17T19:55:03","guid":{"rendered":"http:\/\/ensembles.cc\/?page_id=216"},"modified":"2021-02-22T14:36:23","modified_gmt":"2021-02-22T13:36:23","slug":"memza","status":"publish","type":"page","link":"https:\/\/ensembles.cc\/index.php\/memza\/","title":{"rendered":"MEMZA"},"content":{"rendered":"<header class=\"entry-header\"><\/header>\n<div class=\"entry-content\">\n<div class=\"bt_bb_wrapper\">\n<div class=\"bt_bb_fe_wrap\">\n<section id=\"bt_bb_section602d73277f390\" class=\"bt_bb_section bt_bb_layout_boxed_1200 bt_bb_vertical_align_top\">\n<div class=\"bt_bb_port\">\n<div class=\"bt_bb_cell\">\n<div class=\"bt_bb_cell_inner\">\n<div class=\"bt_bb_row_wrapper\">\n<div class=\"bt_bb_row\" data-structure=\"12\">\n<div class=\"bt_bb_column col-xl-12 bt_bb_align_left bt_bb_vertical_align_top bt_bb_padding_normal\" data-width=\"12\" data-bt-override-class=\"{}\">\n<div class=\"bt_bb_column_content\">\n<div class=\"bt_bb_column_content_inner\">\n<div class=\"bt_bb_tabs bt_bb_style_outline bt_bb_shape_square\">\n<div class=\"bt_bb_tabs_tabs\">\n<div class=\"bt_bb_tab_item has_bt_bb_image\">\n<div class=\"bt_bb_tab_content\">\n<div class=\"bt_bb_row_inner\" data-structure=\"4-8\">\n<div class=\"bt_bb_column_inner col-xl-8 bt_bb_align_left bt_bb_vertical_align_top\" data-width=\"8\" data-bt-override-class=\"{}\">\n<div class=\"bt_bb_column_inner_content\">\n<p>&nbsp;<\/p>\n<\/div>\n<\/div>\n<\/div>\n<\/div>\n<\/div>\n<div class=\"bt_bb_tab_item has_bt_bb_image\">\n<div class=\"bt_bb_tab_content\">\n<div class=\"bt_bb_row_inner\" data-structure=\"4-8\">\n<div class=\"bt_bb_column_inner col-xl-4 bt_bb_align_left bt_bb_vertical_align_top\" data-width=\"4\" data-bt-override-class=\"{}\">\n<div class=\"bt_bb_column_inner_content\">\n<div class=\"bt_bb_image bt_bb_shape_square bt_bb_align_inherit bt_bb_hover_style_simple bt_bb_content_display_always bt_bb_content_align_middle\" data-bt-override-class=\"{}\"><\/div>\n<\/div>\n<div data-bt-override-class=\"{}\"><img loading=\"lazy\" decoding=\"async\" class=\"wp-image-331 aligncenter\" src=\"http:\/\/ensembles.cc\/wp-content\/uploads\/2021\/02\/image0-scaled.jpeg\" alt=\"\" width=\"453\" height=\"617\" \/><\/div>\n<\/div>\n<div class=\"bt_bb_column_inner col-xl-4 bt_bb_align_left bt_bb_vertical_align_top\" data-width=\"4\" data-bt-override-class=\"{}\">\n<div class=\"bt_bb_column_inner_content\">\n<div data-bt-override-class=\"{}\"><\/div>\n<div data-bt-override-class=\"{}\"><\/div>\n<div class=\"bt_bb_icon bt_bb_color_scheme_2 bt_bb_style_filled bt_bb_size_small bt_bb_shape_circle bt_bb_align_inherit\" style=\"text-align: center;\" data-bt-override-class=\"{}\"><a class=\"bt_bb_icon_holder\" title=\"Facebook\" href=\"https:\/\/www.facebook.com\/memzahouse\" target=\"_self\" rel=\"noopener noreferrer\" data-ico-fa=\"\uf082\">Facebook &#8211; <\/a><a class=\"bt_bb_icon_holder\" title=\"Soundcloud\" href=\"https:\/\/soundcloud.com\/memza-grooves-your-ears?fbclid=IwAR2VirvPW0oFF_EsFZv7u2v8R4JN9lmU0CrcW1Ly12jrTRRJeVh5WZaTtj8\" target=\"_self\" rel=\"noopener noreferrer\" data-ico-fa=\"\uf1be\">Soundcloud<\/a><\/div>\n<div data-bt-override-class=\"{}\"><\/div>\n<\/div>\n<\/div>\n<div class=\"bt_bb_column_inner col-xl-8 bt_bb_align_left bt_bb_vertical_align_top\" data-width=\"8\" data-bt-override-class=\"{}\">\n<div class=\"bt_bb_column_inner_content\">\n<p style=\"text-align: justify;\">BAS\u00c9 \u00c0 PARIS, MEMZA DIFFUSE UN SON FUNK, DISCO, HOUSE DEPUIS 2013. C\u2019EST \u00c0 GRENOBLE, AVEC LE COLLECTIF RAPTA RECORDS QU\u2019IL FAIT SES PREMI\u00c8RES APPARITIONS.<\/p>\n<p style=\"text-align: justify;\">C\u2019EST ENSUITE \u00c0 LYON, SA VILLE NATALE, QU\u2019IL S\u2019ENGAGE EN TANT QUE DJ R\u00c9SIDENT AVEC DEUX JEUNES ASSOCIATIONS, TRAIT D\u2019UNION ET BMK. CELA LUI PERMET D\u2019EXPRIMER SES TONALIT\u00c9S MUSICALES FESTIVES DANS DE NOMBREUX LIEUX EMBLEMATIQUES DE LA CULTURE ELECTRONIQUE LYONNAISE COMME LE TERMINAL, LE PETIT SALON OU ENCORE LE NINKASI KAO.<\/p>\n<p>IL PART ENSUITE \u00c0 PARIS O\u00d9 IL CONTINU DE FAIRE DANSER LES SPECTATEURS AVEC SES PLUS BELLES D\u00c9COUVERTES MUSICALES. QUE CE SOIT AU GROUND CONTROL, \u00c0 LES DISQUARES, AU PANIC ROOM OU AU BAR GALLIA, LE MOT D\u2019ORDRE DE MEMZA EST TOUJOURS \u00ab LA F\u00caTE \u00bb. CAPABLE DE COMMENCER UN SET PAR DU HIP HOP OU DE L\u2019ITALO ET DE LE FINIR PAR DES SONORIT\u00c9S ACID ET RAVE. TANT QUE \u00c7A DANSE SUR LA PISTE IL D\u00c9BORDERA TOUJOURS D\u2019\u00c9NERGIE !<\/p>\n<p>&nbsp;<\/p>\n<\/div>\n<p><strong>Portrait :<\/strong> <a href=\"https:\/\/www.instagram.com\/barbara.chabert\/\">Barbara Chabert<\/a><\/p>\n<\/div>\n<\/div>\n<p style=\"text-align: center;\"><a href=\"http:\/\/iframe%20width=100%%20height=166%20scrolling=no%20frameborder=no%20allow=autoplay%20src=https:\/\/w.soundcloud.com\/player\/?url=https%3A\/\/api.soundcloud.com\/tracks\/671871758&amp;color=%23ff5500&amp;auto_play=false&amp;hide_related=false&amp;show_comments=true&amp;show_user=true&amp;show_reposts=false&amp;show_teaser=true\/iframediv%20style=font-size:%2010px;%20color:%20#cccccc;line-break:%20anywhere;word-break:%20normal;overflow:%20hidden;white-space:%20nowrap;text-overflow:%20ellipsis;%20font-family:%20Interstate,Lucida%20Grande,Lucida%20Sans%20Unicode,Lucida%20Sans,Garuda,Verdana,Tahoma,sans-serif;font-weight:%20100;a%20href=https:\/\/soundcloud.com\/memza-grooves-your-ears%20title=Memza%20target=_blank%20style=color:%20#cccccc;%20text-decoration:%20none;Memza\/a%20\u00b7%20a%20href=https:\/\/soundcloud.com\/memza-grooves-your-ears\/rinse-france-trait-dunion-radio-show-memza-invite-soulink-29-juillet-2018%20title=Rinse%20France%20-%20Trait%20D'Union%20Radio%20Show%20Memza%20Invite%20SoulInk%20%20%2029%20Juillet%202018%20target=_blank%20style=color:%20#cccccc;%20text-decoration:%20none;Rinse%20France%20-%20Trait%20D'Union%20Radio%20Show%20Memza%20Invite%20SoulInk%20%20%2029%20Juillet%202018\/a\/div\"><iframe loading=\"lazy\" src=\"https:\/\/w.soundcloud.com\/player\/?url=https%3A\/\/api.soundcloud.com\/tracks\/671871758&amp;color=%23ff5500&amp;auto_play=false&amp;hide_related=false&amp;show_comments=true&amp;show_user=true&amp;show_reposts=false&amp;show_teaser=true\" width=\"100%\" height=\"166\" frameborder=\"no\" scrolling=\"no\" data-mce-fragment=\"1\"><\/iframe><\/a><\/p>\n<div style=\"font-size: 10px; color: #cccccc; line-break: anywhere; word-break: normal; overflow: hidden; white-space: nowrap; text-overflow: ellipsis; font-family: Interstate,Lucida Grande,Lucida Sans Unicode,Lucida Sans,Garuda,Verdana,Tahoma,sans-serif; font-weight: 100;\"><\/div>\n<\/div>\n<\/div>\n<\/div>\n<\/div>\n<\/div>\n<\/div>\n<\/div>\n<\/div>\n<\/div>\n<\/div>\n<\/div>\n<\/div>\n<\/section>\n<\/div>\n<\/div>\n<\/div>\n","protected":false},"excerpt":{"rendered":"<p>&nbsp; Facebook &#8211; Soundcloud BAS\u00c9 \u00c0 PARIS, MEMZA DIFFUSE UN SON FUNK, DISCO, HOUSE DEPUIS 2013. C\u2019EST \u00c0 GRENOBLE, AVEC LE COLLECTIF RAPTA RECORDS QU\u2019IL FAIT SES PREMI\u00c8RES APPARITIONS. C\u2019EST ENSUITE \u00c0 LYON, SA VILLE NATALE, QU\u2019IL S\u2019ENGAGE EN TANT QUE DJ R\u00c9SIDENT AVEC DEUX JEUNES ASSOCIATIONS, TRAIT D\u2019UNION ET BMK. CELA LUI PERMET D\u2019EXPRIMER &hellip; <\/p>\n<p class=\"link-more\"><a href=\"https:\/\/ensembles.cc\/index.php\/memza\/\" class=\"more-link\">Continuer la lecture<span class=\"screen-reader-text\"> de &laquo;&nbsp;MEMZA&nbsp;&raquo;<\/span><\/a><\/p>\n","protected":false},"author":1,"featured_media":0,"parent":0,"menu_order":0,"comment_status":"closed","ping_status":"closed","template":"","meta":{"footnotes":""},"class_list":["post-216","page","type-page","status-publish","hentry"],"_links":{"self":[{"href":"https:\/\/ensembles.cc\/index.php\/wp-json\/wp\/v2\/pages\/216","targetHints":{"allow":["GET"]}}],"collection":[{"href":"https:\/\/ensembles.cc\/index.php\/wp-json\/wp\/v2\/pages"}],"about":[{"href":"https:\/\/ensembles.cc\/index.php\/wp-json\/wp\/v2\/types\/page"}],"author":[{"embeddable":true,"href":"https:\/\/ensembles.cc\/index.php\/wp-json\/wp\/v2\/users\/1"}],"replies":[{"embeddable":true,"href":"https:\/\/ensembles.cc\/index.php\/wp-json\/wp\/v2\/comments?post=216"}],"version-history":[{"count":8,"href":"https:\/\/ensembles.cc\/index.php\/wp-json\/wp\/v2\/pages\/216\/revisions"}],"predecessor-version":[{"id":332,"href":"https:\/\/ensembles.cc\/index.php\/wp-json\/wp\/v2\/pages\/216\/revisions\/332"}],"wp:attachment":[{"href":"https:\/\/ensembles.cc\/index.php\/wp-json\/wp\/v2\/media?parent=216"}],"curies":[{"name":"wp","href":"https:\/\/api.w.org\/{rel}","templated":true}]}}