{"id":210,"date":"2021-02-17T20:49:34","date_gmt":"2021-02-17T19:49:34","guid":{"rendered":"http:\/\/ensembles.cc\/?page_id=210"},"modified":"2021-02-18T00:39:09","modified_gmt":"2021-02-17T23:39:09","slug":"carpet","status":"publish","type":"page","link":"https:\/\/ensembles.cc\/index.php\/carpet\/","title":{"rendered":"CARPET"},"content":{"rendered":"<header class=\"entry-header\"><\/header>\n<div class=\"entry-content\">\n<div class=\"bt_bb_wrapper\">\n<div class=\"bt_bb_fe_wrap\">\n<section id=\"bt_bb_section602d73277f390\" class=\"bt_bb_section bt_bb_layout_boxed_1200 bt_bb_vertical_align_top\">\n<div class=\"bt_bb_port\">\n<div class=\"bt_bb_cell\">\n<div class=\"bt_bb_cell_inner\">\n<div class=\"bt_bb_row_wrapper\">\n<div class=\"bt_bb_row\" data-structure=\"12\">\n<div class=\"bt_bb_column col-xl-12 bt_bb_align_left bt_bb_vertical_align_top bt_bb_padding_normal\" data-width=\"12\" data-bt-override-class=\"{}\">\n<div class=\"bt_bb_column_content\">\n<div class=\"bt_bb_column_content_inner\">\n<div class=\"bt_bb_tabs bt_bb_style_outline bt_bb_shape_square\">\n<div class=\"bt_bb_tabs_tabs\">\n<div class=\"bt_bb_tab_item has_bt_bb_image\">\n<div class=\"bt_bb_tab_content\">\n<div class=\"bt_bb_row_inner\" data-structure=\"4-8\">\n<div class=\"bt_bb_column_inner col-xl-4 bt_bb_align_left bt_bb_vertical_align_top\" data-width=\"4\" data-bt-override-class=\"{}\">\n<div class=\"bt_bb_column_inner_content\">\n<div data-bt-override-class=\"{}\"><img loading=\"lazy\" decoding=\"async\" class=\"wp-image-264 aligncenter\" src=\"http:\/\/ensembles.cc\/wp-content\/uploads\/2021\/02\/PORTRAIT-CARPET.jpg\" alt=\"\" width=\"413\" height=\"556\" \/><\/div>\n<div data-bt-override-class=\"{}\"><\/div>\n<div data-bt-override-class=\"{}\"><\/div>\n<div style=\"text-align: center;\" data-bt-override-class=\"{}\"><a class=\"bt_bb_icon_holder\" title=\"Facebook\" href=\"https:\/\/www.facebook.com\/reallynicecarpet\" target=\"_self\" rel=\"noopener noreferrer\" data-ico-fa=\"\uf082\">Facebook &#8211; <\/a><a class=\"bt_bb_icon_holder\" title=\"Soundcloud\" href=\"https:\/\/soundcloud.com\/reallynicecarpet\" target=\"_self\" rel=\"noopener noreferrer\" data-ico-fa=\"\uf1be\">Soundcloud<\/a><\/div>\n<div class=\"bt_bb_image bt_bb_shape_square bt_bb_align_inherit bt_bb_hover_style_simple bt_bb_content_display_always bt_bb_content_align_middle\" data-bt-override-class=\"{}\"><\/div>\n<\/div>\n<\/div>\n<div class=\"bt_bb_column_inner col-xl-8 bt_bb_align_left bt_bb_vertical_align_top\" data-width=\"8\" data-bt-override-class=\"{}\">\n<div class=\"bt_bb_column_inner_content\">\n<p>&nbsp;<\/p>\n<p style=\"text-align: justify;\">BAS\u00c9 \u00c0 LYON, CARPET S\u2019AMUSE AVEC SES PLATINES DEPUIS 2014. CET AMOUREUX DE LA F\u00caTE NE SOUHAITE PAS SE CLOISONER DANS UN STYLE MUSICAL PR\u00c9CIS. ON RESSENT CETTE VOLONT\u00c9 \u00c0 TRAVERS LA DIVERSIT\u00c9 DE SES ACTIVIT\u00c9S DANS LE SECTEUR CULTUREL. LORS DE LA CR\u00c9ATION DE L\u2019ASSOCIATION CHINEURS DE LYON, CARPET PREND RAPIDEMENT UNE PLACE IMPORTANTE DANS SON\u00a0 ORGANISATION. SON BUT \u00c9TAIT ALORS DE PROMOUVOIR LES ARTISTES ET LA CULTURE LYONNAISE EN D\u00c9COUVRANT ET PARTAGEANT LE LARGE SPECTRE QUE CELLE CI REPR\u00c9SENTE.<\/p>\n<p style=\"text-align: justify;\">TOUJOURS AVIDE DE DIVERSIT\u00c9, IL QUITTE L\u2019ORGANISATION DE<br \/>\nCHINEURS DE LYON POUR SE CONSACRER \u00c0 LA JEUNE ASSOCIATION LYONNAISE POMME SANGUINE. C\u2019EST AVEC CETTE STRUCTURE, AX\u00c9E SUR LA CR\u00c9ATION D\u2019\u00c9V\u00c9NEMENTS PLUS PARTICIPATIFS ET UNE MUSIQUE PLUS EXP\u00c9RIMENTALE QU\u2019IL SORT SON PREMIER TITRE \u201cWEB OF LIES\u201d. PARALL\u00c8LEMENT \u00c0 CES ACTIVIT\u00c9S, IL \u00c9TAIT DJ R\u00c9SIDENT DE L\u2019ANCIENNE ASSOCIATION TRAIT D\u2019UNION.<\/p>\n<p style=\"text-align: justify;\">TOUTES CES EXP\u00c9RIENCES SE RESSENTENT DANS LE PROPOS MUSICAL DE CARPET, A L\u2019AISE SUR UN SET DISCO \/ AFROBEAT COMME SUR UN SET ACID TECHNO \/ RAVE, CARPET AIME FAIRE DES GRANDS \u00c9CART MUSICAUX.<\/p>\n<p style=\"text-align: justify;\">IL S\u2019EST D\u00c9J\u00c0 PRODUIT DANS LA PLUPART DES INSTITUTIONS<br \/>\n\u00c9LECTRONIQUE LYONNAISE ET PREND UN MALIN PLAISIR \u00c0 NOUS SURPRENDRE \u00c0 CHACUN DE SES SETS<\/p>\n<p>&nbsp;<\/p>\n<\/div>\n<\/div>\n<p><strong>Portrait :<\/strong> <a href=\"https:\/\/www.instagram.com\/barbara.chabert\/\">Barbara Chabert<\/a><\/p>\n<div class=\"bt_bb_column_inner col-xl-8 bt_bb_align_left bt_bb_vertical_align_top\" data-width=\"8\" data-bt-override-class=\"{}\">\n<div class=\"bt_bb_column_inner_content\">\n<p style=\"text-align: center;\"><a href=\"http:\/\/iframe%20width=100%%20height=166%20scrolling=no%20frameborder=no%20allow=autoplay%20src=https:\/\/w.soundcloud.com\/player\/?url=https%3A\/\/api.soundcloud.com\/tracks\/937157929&amp;color=%23ff5500&amp;auto_play=false&amp;hide_related=false&amp;show_comments=true&amp;show_user=true&amp;show_reposts=false&amp;show_teaser=true\/iframediv%20style=font-size:%2010px;%20color:%20#cccccc;line-break:%20anywhere;word-break:%20normal;overflow:%20hidden;white-space:%20nowrap;text-overflow:%20ellipsis;%20font-family:%20Interstate,Lucida%20Grande,Lucida%20Sans%20Unicode,Lucida%20Sans,Garuda,Verdana,Tahoma,sans-serif;font-weight:%20100;a%20href=https:\/\/soundcloud.com\/reallynicecarpet%20title=Carpet%20target=_blank%20style=color:%20#cccccc;%20text-decoration:%20none;Carpet\/a%20\u00b7%20a%20href=https:\/\/soundcloud.com\/reallynicecarpet\/carpet-network%20title=Carpet%20Network%20target=_blank%20style=color:%20#cccccc;%20text-decoration:%20none;Carpet%20Network\/a\/div\"><iframe loading=\"lazy\" src=\"https:\/\/w.soundcloud.com\/player\/?url=https%3A\/\/api.soundcloud.com\/tracks\/937157929&amp;color=%23ff5500&amp;auto_play=false&amp;hide_related=false&amp;show_comments=true&amp;show_user=true&amp;show_reposts=false&amp;show_teaser=true\" width=\"100%\" height=\"166\" frameborder=\"no\" scrolling=\"no\" data-mce-fragment=\"1\"><\/iframe><\/a><\/p>\n<p>&nbsp;<\/p>\n<\/div>\n<\/div>\n<\/div>\n<\/div>\n<\/div>\n<\/div>\n<\/div>\n<\/div>\n<\/div>\n<\/div>\n<\/div>\n<\/div>\n<\/div>\n<\/div>\n<\/div>\n<\/section>\n<\/div>\n<\/div>\n<\/div>\n","protected":false},"excerpt":{"rendered":"<p>Facebook &#8211; Soundcloud &nbsp; BAS\u00c9 \u00c0 LYON, CARPET S\u2019AMUSE AVEC SES PLATINES DEPUIS 2014. CET AMOUREUX DE LA F\u00caTE NE SOUHAITE PAS SE CLOISONER DANS UN STYLE MUSICAL PR\u00c9CIS. ON RESSENT CETTE VOLONT\u00c9 \u00c0 TRAVERS LA DIVERSIT\u00c9 DE SES ACTIVIT\u00c9S DANS LE SECTEUR CULTUREL. LORS DE LA CR\u00c9ATION DE L\u2019ASSOCIATION CHINEURS DE LYON, CARPET PREND &hellip; <\/p>\n<p class=\"link-more\"><a href=\"https:\/\/ensembles.cc\/index.php\/carpet\/\" class=\"more-link\">Continuer la lecture<span class=\"screen-reader-text\"> de &laquo;&nbsp;CARPET&nbsp;&raquo;<\/span><\/a><\/p>\n","protected":false},"author":1,"featured_media":0,"parent":0,"menu_order":0,"comment_status":"closed","ping_status":"closed","template":"","meta":{"footnotes":""},"class_list":["post-210","page","type-page","status-publish","hentry"],"_links":{"self":[{"href":"https:\/\/ensembles.cc\/index.php\/wp-json\/wp\/v2\/pages\/210","targetHints":{"allow":["GET"]}}],"collection":[{"href":"https:\/\/ensembles.cc\/index.php\/wp-json\/wp\/v2\/pages"}],"about":[{"href":"https:\/\/ensembles.cc\/index.php\/wp-json\/wp\/v2\/types\/page"}],"author":[{"embeddable":true,"href":"https:\/\/ensembles.cc\/index.php\/wp-json\/wp\/v2\/users\/1"}],"replies":[{"embeddable":true,"href":"https:\/\/ensembles.cc\/index.php\/wp-json\/wp\/v2\/comments?post=210"}],"version-history":[{"count":9,"href":"https:\/\/ensembles.cc\/index.php\/wp-json\/wp\/v2\/pages\/210\/revisions"}],"predecessor-version":[{"id":321,"href":"https:\/\/ensembles.cc\/index.php\/wp-json\/wp\/v2\/pages\/210\/revisions\/321"}],"wp:attachment":[{"href":"https:\/\/ensembles.cc\/index.php\/wp-json\/wp\/v2\/media?parent=210"}],"curies":[{"name":"wp","href":"https:\/\/api.w.org\/{rel}","templated":true}]}}