{"id":204,"date":"2021-02-17T20:34:03","date_gmt":"2021-02-17T19:34:03","guid":{"rendered":"http:\/\/ensembles.cc\/?page_id=204"},"modified":"2021-02-18T00:49:44","modified_gmt":"2021-02-17T23:49:44","slug":"artistes-2","status":"publish","type":"page","link":"https:\/\/ensembles.cc\/index.php\/artistes-2\/","title":{"rendered":"ROUX"},"content":{"rendered":"<p style=\"text-align: center;\"><img loading=\"lazy\" decoding=\"async\" class=\"alignnone wp-image-284\" src=\"http:\/\/ensembles.cc\/wp-content\/uploads\/2021\/02\/PORTRAIT-ROUX.png\" alt=\"\" width=\"350\" height=\"496\" \/><\/p>\n<p style=\"text-align: center;\"><a class=\"bt_bb_icon_holder\" title=\"Facebook\" href=\"https:\/\/www.facebook.com\/roux3.0\/\" target=\"_self\" rel=\"noopener noreferrer\" data-ico-fa=\"\uf082\">Facebook<\/a> &#8211; <a class=\"bt_bb_icon_holder\" title=\"Soundcloud\" href=\"https:\/\/soundcloud.com\/romain-roux\" target=\"_self\" rel=\"noopener noreferrer\" data-ico-fa=\"\uf1be\">Soundcloud<\/a><\/p>\n<p>&nbsp;<\/p>\n<p class=\"has-text-align-left\" style=\"text-align: justify;\">BAS\u00c9 \u00c0 <strong>LYON<\/strong>, <strong>ROUX<\/strong> SE CACHE DERRI\u00c8RE LES PLATINES <strong>DEPUIS<\/strong> <strong>2013<\/strong>. <strong>PASSIONN\u00c9<\/strong> DU <strong>SUPPORT VINYLE<\/strong>, CE <strong>COLLECTIONNEUR<\/strong> A <strong>PLUS DE 2000 R\u00c9F\u00c9RENCES<\/strong> VENANT DE TOUT HORIZON ! <strong>ENGAG\u00c9<\/strong> DEPUIS PLUSIEURS ANN\u00c9ES DANS LE <strong>MILIEU CULTUREL<\/strong> ET LA <strong>MUSIQUE \u00c9LECTRONIQUE<\/strong>, IL EST REST\u00c9 PLUSIEURS MOIS \u00c0 <strong>BERLIN EN 2018<\/strong> O\u00d9 IL TRAVAILLAIT POUR LE PRESTIGIEUX LABEL<strong> LUMBERJACK IN HELL<\/strong> DE <strong>MARCEL VOGEL<\/strong>.<\/p>\n<p class=\"has-text-align-left\" style=\"text-align: justify;\">DE RETOUR EN FRANCE, IL CONTINU D\u2019\u00caTRE UN <strong>SUPER ACTIF<\/strong> DU MILIEU \u00c9LECTRONIQUE EN <strong>PRENANT PART \u00c0 L\u2019ORGANISATION<\/strong> DU <em>CH\u00c2TEAU PERCH\u00c9 FESTIVAL<\/em>, DE <em>LA TERRASSE ECAM FESTIVAL<\/em> TOUT EN \u00c9TANT <strong>MEMBRE ACTIF<\/strong> ET <strong>DJ R\u00c9SIDENT<\/strong> DE L\u2019ANCIENNE <strong>ASSOCIATION LYONNAISE TRAIT D\u2019UNION.<\/strong><\/p>\n<p class=\"has-text-align-left\" style=\"text-align: justify;\">NOURRI DE TOUTES CES EXP\u00c9RIENCES, <strong>ROUX<\/strong> AIME <strong>DIGGER<\/strong> ET <strong>MIXER<\/strong> UN <strong>LARGE SPECTRE<\/strong> DE MUSIQUE. CE <strong>PASSIONN\u00c9<\/strong> PREND TOUJOURS AUTANT DE <strong>PLAISIR<\/strong>, TANT QUE LE<strong> PUBLIC<\/strong> LUI RENVOIE L\u2019<strong>\u00c9NERGIE<\/strong> <strong>POSITIVE<\/strong> QU\u2019IL MET DANS SA <strong>MUSIQUE<\/strong>.<\/p>\n<p class=\"has-text-align-left\" style=\"text-align: justify;\">SES <strong>R\u00c9F\u00c9RENCES VARI\u00c9ES<\/strong> LE PROUVENT, QUE CE SOIT DE LA <strong>TECHNO<\/strong> AU <strong>NINKASI KAO<\/strong> (LYON), DE <strong>L\u2019AFROBEAT<\/strong> ET DU <strong>DISCO<\/strong> EN JOURN\u00c9E PENDANT LES <strong>EXTRA NUITS SONORES<\/strong> OU DE LA <strong>BASS MUSIQUE<\/strong> AU <strong>CH\u00c2TEAU PERCH\u00c9 FESTIVAL<\/strong>, LE PUBLIC R\u00c9CEPTIONNE TOUJOURS SON <strong>\u00c9NERGIE INCLASSABLE<\/strong>.<\/p>\n<p>&nbsp;<\/p>\n<p class=\"has-text-align-left\" style=\"text-align: left;\"><strong>Portrait :\u00a0<\/strong><a href=\"https:\/\/www.instagram.com\/barbara.chabert\/\">Barbara Chabert<\/a><\/p>\n<p>&nbsp;<\/p>\n<p style=\"text-align: center;\"><a href=\"http:\/\/iframe%20width=100%%20height=166%20scrolling=no%20frameborder=no%20allow=autoplay%20src=https:\/\/w.soundcloud.com\/player\/?url=https%3A\/\/api.soundcloud.com\/tracks\/891524467&amp;color=%23ff5500&amp;auto_play=false&amp;hide_related=false&amp;show_comments=true&amp;show_user=true&amp;show_reposts=false&amp;show_teaser=true\/iframediv%20style=font-size:%2010px;%20color:%20#cccccc;line-break:%20anywhere;word-break:%20normal;overflow:%20hidden;white-space:%20nowrap;text-overflow:%20ellipsis;%20font-family:%20Interstate,Lucida%20Grande,Lucida%20Sans%20Unicode,Lucida%20Sans,Garuda,Verdana,Tahoma,sans-serif;font-weight:%20100;a%20href=https:\/\/soundcloud.com\/romain-roux%20title=ROUX%20target=_blank%20style=color:%20#cccccc;%20text-decoration:%20none;ROUX\/a%20\u00b7%20a%20href=https:\/\/soundcloud.com\/romain-roux\/discomix-radio-sofa-1%20title=Discomix%20Radio%20Sofa%20#1%20target=_blank%20style=color:%20#cccccc;%20text-decoration:%20none;Discomix%20Radio%20Sofa%20#1\/a\/div\"><iframe loading=\"lazy\" src=\"https:\/\/w.soundcloud.com\/player\/?url=https%3A\/\/api.soundcloud.com\/tracks\/891524467&amp;color=%23ff5500&amp;auto_play=false&amp;hide_related=false&amp;show_comments=true&amp;show_user=true&amp;show_reposts=false&amp;show_teaser=true\" width=\"100%\" height=\"166\" frameborder=\"no\" scrolling=\"no\" data-mce-fragment=\"1\"><\/iframe><\/a><\/p>\n<p style=\"text-align: center;\">\n","protected":false},"excerpt":{"rendered":"<p>Facebook &#8211; Soundcloud &nbsp; BAS\u00c9 \u00c0 LYON, ROUX SE CACHE DERRI\u00c8RE LES PLATINES DEPUIS 2013. PASSIONN\u00c9 DU SUPPORT VINYLE, CE COLLECTIONNEUR A PLUS DE 2000 R\u00c9F\u00c9RENCES VENANT DE TOUT HORIZON ! ENGAG\u00c9 DEPUIS PLUSIEURS ANN\u00c9ES DANS LE MILIEU CULTUREL ET LA MUSIQUE \u00c9LECTRONIQUE, IL EST REST\u00c9 PLUSIEURS MOIS \u00c0 BERLIN EN 2018 O\u00d9 IL TRAVAILLAIT &hellip; <\/p>\n<p class=\"link-more\"><a href=\"https:\/\/ensembles.cc\/index.php\/artistes-2\/\" class=\"more-link\">Continuer la lecture<span class=\"screen-reader-text\"> de &laquo;&nbsp;ROUX&nbsp;&raquo;<\/span><\/a><\/p>\n","protected":false},"author":1,"featured_media":0,"parent":0,"menu_order":1,"comment_status":"closed","ping_status":"closed","template":"","meta":{"footnotes":""},"class_list":["post-204","page","type-page","status-publish","hentry"],"_links":{"self":[{"href":"https:\/\/ensembles.cc\/index.php\/wp-json\/wp\/v2\/pages\/204","targetHints":{"allow":["GET"]}}],"collection":[{"href":"https:\/\/ensembles.cc\/index.php\/wp-json\/wp\/v2\/pages"}],"about":[{"href":"https:\/\/ensembles.cc\/index.php\/wp-json\/wp\/v2\/types\/page"}],"author":[{"embeddable":true,"href":"https:\/\/ensembles.cc\/index.php\/wp-json\/wp\/v2\/users\/1"}],"replies":[{"embeddable":true,"href":"https:\/\/ensembles.cc\/index.php\/wp-json\/wp\/v2\/comments?post=204"}],"version-history":[{"count":8,"href":"https:\/\/ensembles.cc\/index.php\/wp-json\/wp\/v2\/pages\/204\/revisions"}],"predecessor-version":[{"id":326,"href":"https:\/\/ensembles.cc\/index.php\/wp-json\/wp\/v2\/pages\/204\/revisions\/326"}],"wp:attachment":[{"href":"https:\/\/ensembles.cc\/index.php\/wp-json\/wp\/v2\/media?parent=204"}],"curies":[{"name":"wp","href":"https:\/\/api.w.org\/{rel}","templated":true}]}}